{"id":2255,"date":"2018-05-22T11:30:24","date_gmt":"2018-05-22T09:30:24","guid":{"rendered":"http:\/\/holmi.kl-kl.si\/?page_id=2255"},"modified":"2018-05-22T11:30:24","modified_gmt":"2018-05-22T09:30:24","slug":"europa-kulturalis-fovarosa","status":"publish","type":"page","link":"http:\/\/holmi.kl-kl.si\/?page_id=2255","title":{"rendered":"Eur\u00f3pa Kultur\u00e1lis F\u0151v\u00e1rosa"},"content":{"rendered":"Ni dogodkov. \u2013 Nincs esem\u00e9ny.\n","protected":false},"excerpt":{"rendered":"","protected":false},"author":1,"featured_media":0,"parent":523,"menu_order":0,"comment_status":"closed","ping_status":"closed","template":"","meta":[],"_links":{"self":[{"href":"http:\/\/holmi.kl-kl.si\/index.php?rest_route=\/wp\/v2\/pages\/2255"}],"collection":[{"href":"http:\/\/holmi.kl-kl.si\/index.php?rest_route=\/wp\/v2\/pages"}],"about":[{"href":"http:\/\/holmi.kl-kl.si\/index.php?rest_route=\/wp\/v2\/types\/page"}],"author":[{"embeddable":true,"href":"http:\/\/holmi.kl-kl.si\/index.php?rest_route=\/wp\/v2\/users\/1"}],"replies":[{"embeddable":true,"href":"http:\/\/holmi.kl-kl.si\/index.php?rest_route=%2Fwp%2Fv2%2Fcomments&post=2255"}],"version-history":[{"count":1,"href":"http:\/\/holmi.kl-kl.si\/index.php?rest_route=\/wp\/v2\/pages\/2255\/revisions"}],"predecessor-version":[{"id":2256,"href":"http:\/\/holmi.kl-kl.si\/index.php?rest_route=\/wp\/v2\/pages\/2255\/revisions\/2256"}],"up":[{"embeddable":true,"href":"http:\/\/holmi.kl-kl.si\/index.php?rest_route=\/wp\/v2\/pages\/523"}],"wp:attachment":[{"href":"http:\/\/holmi.kl-kl.si\/index.php?rest_route=%2Fwp%2Fv2%2Fmedia&parent=2255"}],"curies":[{"name":"wp","href":"https:\/\/api.w.org\/{rel}","templated":true}]}}