{"id":523,"date":"2014-03-31T11:45:08","date_gmt":"2014-03-31T09:45:08","guid":{"rendered":"http:\/\/holmi.kl-kl.si\/?page_id=523"},"modified":"2014-03-31T11:45:08","modified_gmt":"2014-03-31T09:45:08","slug":"esemenyek","status":"publish","type":"page","link":"http:\/\/holmi.kl-kl.si\/?page_id=523","title":{"rendered":"Esem\u00e9nyek"},"content":{"rendered":"<p><div class=\"em-search-wrapper\">\r\n<div class=\"em-events-search em-search css-search has-search-term has-search-geo has-search-main has-advanced advanced-hidden\">\r\n\t<form action=\"http:\/\/holmi.kl-kl.si\/?page_id=39\" method=\"post\" class=\"em-events-search-form em-search-form\">\r\n\t\t<input type=\"hidden\" name=\"action\" value=\"search_events\" \/>\r\n\t\t\t\t<div class=\"em-search-main\">\r\n\t\t\t\t\t\t<!-- START General Search -->\r\n<div class=\"em-search-text em-search-field\">\r\n\t<script type=\"text\/javascript\">\r\n\tEM.search_term_placeholder = 'I\u0161\u010di... \u2013 Keress...';\r\n\t<\/script>\r\n\t<label>\r\n\t\t<span class=\"screen-reader-text\">I\u0161\u010di... \u2013 Keress...<\/span>\r\n\t\t<input type=\"text\" name=\"em_search\" class=\"em-events-search-text em-search-text\" value=\"\" \/>\r\n\t<\/label>\r\n<\/div>\r\n<!-- END General Search --><!-- START General Search -->\r\n<div class=\"em-search-geo em-search-field\">\r\n\t\t<label>\r\n\t\t<span class=\"screen-reader-text\">Blizu... \u2013 K\u00f6zel...<\/span>\r\n\t\t<input type=\"text\" name=\"geo\" class=\"em-search-geo\" value=\"\"\/>\r\n\t<\/label>\r\n\t<input type=\"hidden\" name=\"near\" class=\"em-search-geo-coords\" value=\"\" \/>\r\n\t<div id=\"em-search-geo-attr\" ><\/div>\r\n\t<script type=\"text\/javascript\">\r\n\tEM.geo_placeholder = 'Blizu... \u2013 K\u00f6zel...';\r\n\tEM.geo_alert_guess = 'Bomo uporabili %s za iskanje. \\n\\n \u010ce je to napa\u010dno, kliknite preklic in poskusite bolj podroben naslov.';\r\n\tfunction em_geo_search_init(){\r\n\tjQuery('input.em-search-geo').each(function(i){\r\n\t\tvar input = \/** @type {HTMLInputElement} *\/ jQuery(this);\r\n\t\tvar wrapper = input.closest('div.em-search-geo'); \r\n\t\tvar autocomplete = new google.maps.places.Autocomplete(input[0]);\r\n\t\tvar geo_coords = wrapper.find(\"input.em-search-geo-coords\");\r\n\r\n\t\tvar geo_field_status = function( status ){\r\n\t\t\twrapper.data('status',status);\r\n\t\t\tvar em_search = wrapper.closest('.em-search');\r\n\t\t\tif( status == 'on' ){\r\n\t\t\t\twrapper.css('background-image', wrapper.css('background-image').replace('search-geo.png', 'search-geo-on.png').replace('search-geo-off.png', 'search-geo-on.png'));\r\n\t\t\t\tem_search.find('select.em-search-country option:first-child').prop('selected','selected').trigger('change');\r\n\t\t\t\tem_search.find('.em-search-location').slideUp();\r\n\t\t\t\tem_search.find('.em-search-geo-units').slideDown();\r\n\t\t\t}else{\r\n\t\t\t\tif( status == 'off' ){\r\n\t\t\t\t\twrapper.css('background-image', wrapper.css('background-image').replace('search-geo.png', 'search-geo-off.png').replace('search-geo-on.png', 'search-geo-off.png'));\r\n\t\t\t\t}else{\r\n\t\t\t\t\twrapper.css('background-image', wrapper.css('background-image').replace('search-geo-off.png', 'search-geo.png').replace('search-geo-on.png', 'search-geo.png'));\r\n\t\t\t\t}\r\n\t\t\t\tgeo_coords.val('');\r\n\t\t\t\tem_search.find('.em-search-location').slideDown();\r\n\t\t\t\tem_search.find('.em-search-geo-units').slideUp();\r\n\t\t\t}\r\n\t\t};\r\n\r\n\t\tvar ac_listener = function( place ) {\r\n\t\t\tvar place = autocomplete.getPlace();\r\n\t\t\tif( !place || !place.geometry ){ \/\/place not found\r\n\t\t\t\tif( input.val() == '' || input.val() == EM.geo_placeholder ){ \r\n\t\t\t\t\tgeo_field_status(false);\r\n\t\t\t\t}else{\r\n\t\t\t\t\tif( wrapper.data('last-search') == input.val() ){ \r\n\t\t\t\t\t\tgeo_field_status('on');\r\n\t\t\t\t\t\tgeo_coords.val( wrapper.data('last-coords') );\r\n\t\t\t\t\t\treturn; \r\n\t\t\t\t\t}\r\n\t              \t\/\/do a nearest match suggestion as last resort\r\n\t\t\t\t\tif( input.val().length >= 2 ){\r\n\t\t\t\t\t\tgeo_field_status(false);\r\n\t\t\t\t\t\tautocompleteService = new google.maps.places.AutocompleteService();\r\n\t\t\t\t        autocompleteService.getPlacePredictions( {'input': input.val(), 'offset': input.val().length }, function listentoresult(list, status) {\r\n\t\t                    if(list != null && list.length != 0) {\r\n\t\t                        placesService = new google.maps.places.PlacesService(document.getElementById('em-search-geo-attr'));\r\n\t\t                        placesService.getDetails( {'reference': list[0].reference}, function detailsresult(detailsResult, placesServiceStatus) {\r\n\t\t                            \/\/we have a match, ask the user\r\n                    \t\t\t\twrapper.data('last-search', detailsResult.formatted_address );\r\n                    \t\t\t\twrapper.data('last-coords', detailsResult.geometry.location.lat() + ',' + detailsResult.geometry.location.lng());\r\n\t                                if( input.val() == detailsResult.formatted_address || confirm(EM.geo_alert_guess.replace('%s', '\"'+detailsResult.formatted_address+'\"')) ){\r\n\t\t                                geo_coords.val( detailsResult.geometry.location.lat() + ',' + detailsResult.geometry.location.lng() );\r\n\t\t        \t\t\t\t\t\tgeo_field_status('on');\r\n\t\t                                input.val(detailsResult.formatted_address);\r\n\t                                }else{\r\n\t                                \tinput.data('last-key',false);\r\n\t                \t\t\t\t\tgeo_field_status('off');\r\n\t                                }\r\n\t\t                        });\r\n\t\t                    }else{ geo_field_status('off'); }\r\n\t\t\t\t\t\t});\r\n\t\t\t\t\t}else{ geo_field_status('off'); }\r\n\t\t\t\t}\r\n\t\t\t\twrapper.data('last-search', input.val() );\r\n\t\t\t\twrapper.data('last-coords', geo_coords.val());\r\n\t\t\t\treturn;\r\n\t\t\t}\r\n\t\t\tgeo_coords.val( place.geometry.location.lat() + ',' + place.geometry.location.lng() );\r\n\t\t\tgeo_field_status('on');\r\n\t\t\twrapper.data('last-search', input.val() );\r\n\t\t\twrapper.data('last-coords', geo_coords.val());\r\n\t\t};\r\n\t\tgoogle.maps.event.addListener(autocomplete, 'place_changed', ac_listener);\r\n\t\t\t\t\r\n\t\tif( geo_coords.val() != '' ){\r\n\t\t\tgeo_field_status('on');\r\n\t\t\twrapper.data('last-search', input.val() );\r\n\t\t\twrapper.data('last-coords', geo_coords.val() );\r\n\t\t}\r\n\t\tinput.keypress( function(e) {\r\n\t\t\t\/\/if enter is pressed once during 'near' input, don't do anything so Google can select location, otherwise let behavior (form submittal) proceed \r\n\t\t\tif( e.which == 13 ) {\r\n\t\t\t\tif( input.data('last-key') != 13 || wrapper.data('status') != 'on' ){\r\n\t\t\t\t\te.preventDefault();\r\n\t\t\t\t}\r\n\t\t\t}else{\r\n\t\t\t\tgeo_field_status(false);\r\n\t\t\t}\r\n\t\t}).on('keyup', function(e) {\r\n\t\t\tif( this.value == '' ){ geo_field_status(false); }\r\n\t\t\telse if( wrapper.data('last-search') != this.value ){ geo_field_status('off'); }\r\n\t\t\tinput.data('last-key', e.which);\r\n\t\t}).blur( function(e){ \/\/create HTML 5 placeholder effect if not HTML 5\r\n\t\t\tif( this.value == '' && !('placeholder' in document.createElement('input')) ) this.value = EM.geo_placeholder;\r\n\t\t}).on('focus', function(e){\r\n\t\t\tif( this.value == EM.geo_placeholder ) this.value='';\r\n\t\t\tinput.data('last-key', 13);\r\n\t\t}).attr('placeholder', EM.geo_placeholder);\r\n\t});\r\n}\r\njQuery(document).bind('em_maps_loaded', function(){ em_geo_search_init(); });\t<\/script>\r\n<\/div>\r\n<!-- END General Search -->\t\t\t\t\t\t<button type=\"submit\" class=\"em-search-submit loading\">\r\n\t\t\t\t\t\t\t\t<!--[if IE 7]><span><![endif]-->\r\n\t\t\t\t<img src=\"http:\/\/holmi.kl-kl.si\/wp-content\/plugins\/events-manager\/includes\/images\/search-mag.png\" alt=\"Iskanje\" \/>\r\n\t\t\t\t<!--[if IE 7]><\/span><![endif]-->\r\n\t\t\t<\/button>\r\n\t\t\t\t\t<\/div>\r\n\t\t\t\t\t\t<div class=\"em-search-advanced\" style=\"display:none\">\r\n\t\t\t<!-- START Date Search -->\r\n<div class=\"em-search-scope em-search-field\">\r\n\t<span class=\"em-search-scope em-events-search-dates em-date-range\">\r\n\t\t<label>\r\n\t\t\t<span>Obdobje \u2013 Id\u0151pont<\/span>\r\n\t\t\t<input type=\"text\" class=\"em-date-input-loc em-date-start\" \/>\r\n\t\t\t<input type=\"hidden\" class=\"em-date-input\" name=\"scope[0]\" value=\"\" \/>\r\n\t\t<\/label>\r\n\t\t<label>\r\n\t\t\t - \t\t\t<input type=\"text\" class=\"em-date-input-loc em-date-end\" \/>\r\n\t\t\t<input type=\"hidden\" class=\"em-date-input\" name=\"scope[1]\" value=\"\" \/>\r\n\t\t<\/label>\r\n\t<\/span>\r\n<\/div>\r\n<!-- END Date Search --><!-- START Category Search -->\r\n<div class=\"em-search-category em-search-field\">\r\n\t<label>\r\n\t\t<span>Organizator \u2013 Szervez\u0151<\/span>\r\n\t\t<select  name='category' id='category' class='em-events-search-category' >\n\t<option value='0' selected='selected'>Organizatorji \u2013 Szervez\u0151k<\/option>\n\t<option class=\"level-0\" value=\"27\">DO\u0160 II. \u2013 2. sz. K\u00c1I :: Dvojezi\u010dna osnovna \u0161ola II Lendava \u2013 2. Sz. Lendvai K\u00e9tnyelv\u0171 \u00c1ltal\u00e1nos Iskola<\/option>\n\t<option class=\"level-0\" value=\"52\">EPK \u2013 EKF :: Evropska prestolnica kulture \u2013 Eur\u00f3pa Kultur\u00e1lis F\u0151v\u00e1rosa<\/option>\n\t<option class=\"level-0\" value=\"25\">GML :: Galerija-Muzej Lendava \u2013 Gal\u00e9ria-M\u00fazeum Lendva<\/option>\n\t<option class=\"level-0\" value=\"46\">Integrated Vision<\/option>\n\t<option class=\"level-0\" value=\"24\">KKCL \u2013 LKKK :: Knji\u017enica \u2013 Kulturni center Lendava \u2013 NOE UKKKS\/Lendvai K\u00f6nyvt\u00e1r \u00e9s Kultur\u00e1lis K\u00f6zpont \u2013 MKKK\u00c1 BSZE<\/option>\n\t<option class=\"level-0\" value=\"3\">KKCL \u2013 LKKK :: Knji\u017enica \u2013 Kulturni center Lendava\/Lendvai K\u00f6nyvt\u00e1r \u00e9s Kultur\u00e1lis K\u00f6zpont<\/option>\n\t<option class=\"level-0\" value=\"48\">Lions klub Lendava &#8211; Lendva<\/option>\n\t<option class=\"level-0\" value=\"4\">LKMN\u00d6K \u2013 MSNSOL :: Lendva K\u00f6zs\u00e9g Magyar Nemzeti \u00d6nkorm\u00e1nyzati K\u00f6z\u00f6ss\u00e9g \u2013 Mad\u017earska samoupravna narodna skupnost ob\u010dine Lendava<\/option>\n\t<option class=\"level-0\" value=\"41\">MKI Mansarda :: Mladisnko kulturni inkubator Mansarda, Zavod aktivne mladine Lendava \u2013 Ifjus\u00e1gi \u00e9s Kultur\u00e1lis Inkub\u00e1bor Mansarda \u2013 Padl\u00e1s<\/option>\n\t<option class=\"level-0\" value=\"54\">MM\u00d6NK \u2013 PMSNS :: Muravid\u00e9ki Magyar \u00d6nkorm\u00e1nyzati Nemzeti K\u00f6z\u00f6ss\u00e9g \u2013 Pomurska mad\u017earska samoupravna narodna skupnost<\/option>\n\t<option class=\"level-0\" value=\"7\">MNMI \u2013 ZKMN :: Magyar Nemzetis\u00e9gi M\u0171vel\u0151d\u00e9si Int\u00e9zet Lendva \u2013 Zavod za kulturo mad\u017earske narodnosti<\/option>\n\t<option class=\"level-0\" value=\"26\">OL \u2013 LK :: Ob\u010dina Lendava \u2013 Lendva K\u00f6zs\u00e9g<\/option>\n\t<option class=\"level-0\" value=\"29\">SMH :: Sofija medgeneracijska hi\u0161a Lendava<\/option>\n\t<option class=\"level-0\" value=\"43\">TZLV \u2013 TSzLv\u00d6 :: Turisti\u010dna zveza Lendava vabi \u2013 Turisztikai sz\u00f6vets\u00e9g Lendva v\u00e1rja \u00d6nt<\/option>\n\t<option class=\"level-0\" value=\"30\">Vrtec Lendava \u2013 Lendvai \u00d3voda<\/option>\n\t<option class=\"level-0\" value=\"31\">ZKDL \u2013 KKSzL :: Zveza kulturnih dru\u0161tev Lendava \u2013 Kult\u00faregyes\u00fcletek K\u00f6zs\u00e9gi Sz\u00f6vets\u00e9ga Lendva<\/option>\n\t<option class=\"level-0\" value=\"28\">ZTR-TFK :: Zavod za turizem in razvoj Lendava &#8211; Turisztikai \u00e9s Fejleszt\u00e9si K\u00f6zint\u00e9zet Lendva<\/option>\n<\/select>\n\t<\/label>\r\n<\/div>\r\n<!-- END Category Search --><div class=\"em-search-location\" >\r\n\t<input type=\"hidden\" name=\"country\" value=\"\" \/>\t<div class=\"em-search-location-meta\" >\r\n\t\t<\/div>\r\n<\/div>\t\t\t\t\t\t\t\t<\/div>\r\n\t\t\t\t\t\t<div class=\"em-search-options\">\r\n\t\t\t<a href=\"#\" class=\"em-toggle\" rel=\".em-search-advanced:.em-search-form\">\r\n\t\t\t\t<span class=\"hide-advanced\" style=\"display:none;\">Skrij napredno iskanje \u2013 Rejsd el a r\u00e9szletes keres\u0151t<\/span>\r\n\t\t\t\t<span class=\"show-advanced\">Napredno iskanje \u2013 R\u00e9szletes keres\u0151<\/span>\r\n\t\t\t<\/a>\r\n\t\t<\/div>\r\n\t\t\t\t\t\t\t\t    <input name=\"near_distance\" type=\"hidden\" value=\"25\" \/>\t\t    <input name=\"near_unit\" type=\"hidden\" value=\"mi\" \/>\t\t\t<\/form>\r\n<\/div>\r\n<\/div><br \/>\n<table cellpadding=\"0\" cellspacing=\"0\" class=\"events-table\" >\r\n    <thead>\r\n        <tr>\r\n\t\t\t<th class=\"event-time\" width=\"150\">Datum \u2013 D\u00e1tum<br \/>\u010cas \u2013 Id\u0151pont<\/th>\r\n\t\t\t<th class=\"event-description\" width=\"*\">Dogodek \u2013 Esem\u00e9ny<\/th>\r\n\t\t<\/tr>\r\n   \t<\/thead>\r\n    <tbody><tr>\r\n\t<td>  \r\n\t\t04. 05. 2026 - 07. 05. 2026<br\/>\r\n\t\t<i>14:00 - 20:00<\/i>\r\n\t<\/td>\r\n\t<td style=\"line-height: 1.5\">\r\n\t\t<span style=\"font-size:110%\"><b><a href=\"http:\/\/holmi.kl-kl.si\/?event=trnuljcica-v-izvedbi-baletnega-oddelka-glasbene-sole-lendava\">Trnulj\u010dica v izvedbi baletnega oddelka Glasbene \u0161ole Lendava<\/a><\/b><br \/><\/span>\r\n<small>\r\n<b>Organizator \u2013 Szervez\u0151:<\/b><br \/>\r\n\t\t<span style=\"background-color:#9a2816; color:white\">KKCL \u2013 LKKK :: Knji\u017enica \u2013 Kulturni center Lendava \u2013 NOE UKKKS\/Lendvai K\u00f6nyvt\u00e1r \u00e9s Kultur\u00e1lis K\u00f6zpont \u2013 MKKK\u00c1 BSZE<\/span>\r\n\t\t<br \/>\r\n\t\t\t<b>Lokacija \u2013 Helysz\u00edn:<\/b><br \/>\r\n\t\t\t<i><a href=\"http:\/\/holmi.kl-kl.si\/?location=gledaliska-in-koncertna-dvorana-szinhaz-es-hangversenyterem\">Gledali\u0161ka in koncertna dvorana - Sz\u00ednh\u00e1z- \u00e9s hangversenyterem<\/a> <\/i>\r\n\t\t\t<br \/>\r\n\t\t<b>Kontakt \u2013 El\u00e9rhet\u0151s\u00e9g:<\/b><br \/> \r\n\t\t<i>Gordana \u0160krilec <\/i> | <a href=\\\"mailto:&#71;&#111;&#114;&#100;&#97;&#110;&#97;&#46;&#83;&#107;&#114;&#105;&#108;&#101;&#99;&#64;&#107;&#107;&#108;&#46;&#115;&#105;\\\">&#71;&#111;&#114;&#100;&#97;&#110;&#97;&#46;&#83;&#107;&#114;&#105;&#108;&#101;&#99;&#64;&#107;&#107;&#108;&#46;&#115;&#105;<\/a> | +386 2 577 60 24\t<\/small>\r\n\t<\/td>\r\n<\/tr><tr>\r\n\t<td>  \r\n\t\t07. 05. 2026<br\/>\r\n\t\t<i>18:30 - 19:30<\/i>\r\n\t<\/td>\r\n\t<td style=\"line-height: 1.5\">\r\n\t\t<span style=\"font-size:110%\"><b><a href=\"http:\/\/holmi.kl-kl.si\/?event=predavanje-kapitan-modrih-gora-eloadas-a-kek-hegyek-kapitanya\">Predavanje: Kapitan modrih gora\/El\u0151ad\u00e1s: A k\u00e9k hegyek kapit\u00e1nya<\/a><\/b><br \/><\/span>\r\n<small>\r\n<b>Organizator \u2013 Szervez\u0151:<\/b><br \/>\r\n\t\t<span style=\"background-color:#FF0000; color:white\">KKCL \u2013 LKKK :: Knji\u017enica \u2013 Kulturni center Lendava\/Lendvai K\u00f6nyvt\u00e1r \u00e9s Kultur\u00e1lis K\u00f6zpont<\/span>\r\n\t\t<br \/>\r\n\t\t\t<b>Lokacija \u2013 Helysz\u00edn:<\/b><br \/>\r\n\t\t\t<i><a href=\"http:\/\/holmi.kl-kl.si\/?location=knjiznica-lendava-konyvtar-lendva\">Knji\u017enica Lendava - K\u00f6nyvt\u00e1r Lendva<\/a> <\/i>\r\n\t\t\t<br \/>\r\n\t\t<b>Kontakt \u2013 El\u00e9rhet\u0151s\u00e9g:<\/b><br \/> \r\n\t\t<i>admin <\/i> | <a href=\\\"mailto:&#119;&#101;&#98;&#109;&#97;&#115;&#116;&#101;&#114;&#64;&#107;&#108;&#45;&#107;&#108;&#46;&#115;&#105;\\\">&#119;&#101;&#98;&#109;&#97;&#115;&#116;&#101;&#114;&#64;&#107;&#108;&#45;&#107;&#108;&#46;&#115;&#105;<\/a> | N\/A\t<\/small>\r\n\t<\/td>\r\n<\/tr><tr>\r\n\t<td>  \r\n\t\t15. 05. 2026<br\/>\r\n\t\t<i>19:00 - 20:30<\/i>\r\n\t<\/td>\r\n\t<td style=\"line-height: 1.5\">\r\n\t\t<span style=\"font-size:110%\"><b><a href=\"http:\/\/holmi.kl-kl.si\/?event=bekecs-tancegyuttes\">Bekecs T\u00e1ncegy\u00fcttes<\/a><\/b><br \/><\/span>\r\n<small>\r\n<b>Organizator \u2013 Szervez\u0151:<\/b><br \/>\r\n\t\t<span style=\"background-color:#30ac15; color:white\">MNMI \u2013 ZKMN :: Magyar Nemzetis\u00e9gi M\u0171vel\u0151d\u00e9si Int\u00e9zet Lendva \u2013 Zavod za kulturo mad\u017earske narodnosti<\/span>\r\n\t\t<br \/>\r\n\t\t\t<b>Lokacija \u2013 Helysz\u00edn:<\/b><br \/>\r\n\t\t\t<i><a href=\"http:\/\/holmi.kl-kl.si\/?location=gledaliska-in-koncertna-dvorana-szinhaz-es-hangversenyterem\">Gledali\u0161ka in koncertna dvorana - Sz\u00ednh\u00e1z- \u00e9s hangversenyterem<\/a> <\/i>\r\n\t\t\t<br \/>\r\n\t\t<b>Kontakt \u2013 El\u00e9rhet\u0151s\u00e9g:<\/b><br \/> \r\n\t\t<i>Gordana \u0160krilec <\/i> | <a href=\\\"mailto:&#71;&#111;&#114;&#100;&#97;&#110;&#97;&#46;&#83;&#107;&#114;&#105;&#108;&#101;&#99;&#64;&#107;&#107;&#108;&#46;&#115;&#105;\\\">&#71;&#111;&#114;&#100;&#97;&#110;&#97;&#46;&#83;&#107;&#114;&#105;&#108;&#101;&#99;&#64;&#107;&#107;&#108;&#46;&#115;&#105;<\/a> | +386 2 577 60 24\t<\/small>\r\n\t<\/td>\r\n<\/tr><tr>\r\n\t<td>  \r\n\t\t19. 05. 2026<br\/>\r\n\t\t<i>19:00 - 21:00<\/i>\r\n\t<\/td>\r\n\t<td style=\"line-height: 1.5\">\r\n\t\t<span style=\"font-size:110%\"><b><a href=\"http:\/\/holmi.kl-kl.si\/?event=sng-nova-gorica-64-urbana-drama-z-elementi-humorja\">SNG Nova Gorica: 64, urbana drama z elementi humorja<\/a><\/b><br \/><\/span>\r\n<small>\r\n<b>Organizator \u2013 Szervez\u0151:<\/b><br \/>\r\n\t\t<span style=\"background-color:#9a2816; color:white\">KKCL \u2013 LKKK :: Knji\u017enica \u2013 Kulturni center Lendava \u2013 NOE UKKKS\/Lendvai K\u00f6nyvt\u00e1r \u00e9s Kultur\u00e1lis K\u00f6zpont \u2013 MKKK\u00c1 BSZE<\/span>\r\n\t\t\t<br \/>\r\n\t\t<b>Kontakt \u2013 El\u00e9rhet\u0151s\u00e9g:<\/b><br \/> \r\n\t\t<i>Gordana \u0160krilec <\/i> | <a href=\\\"mailto:&#71;&#111;&#114;&#100;&#97;&#110;&#97;&#46;&#83;&#107;&#114;&#105;&#108;&#101;&#99;&#64;&#107;&#107;&#108;&#46;&#115;&#105;\\\">&#71;&#111;&#114;&#100;&#97;&#110;&#97;&#46;&#83;&#107;&#114;&#105;&#108;&#101;&#99;&#64;&#107;&#107;&#108;&#46;&#115;&#105;<\/a> | +386 2 577 60 24\t<\/small>\r\n\t<\/td>\r\n<\/tr><tr>\r\n\t<td>  \r\n\t\t22. 05. 2026<br\/>\r\n\t\t<i>15:00 - 17:00<\/i>\r\n\t<\/td>\r\n\t<td style=\"line-height: 1.5\">\r\n\t\t<span style=\"font-size:110%\"><b><a href=\"http:\/\/holmi.kl-kl.si\/?event=sans-2026-srecanje-osnovnosolskih-glasbenih-skupin\">\u0160ANS 2026: sre\u010danje osnovno\u0161olskih glasbenih skupin<\/a><\/b><br \/><\/span>\r\n<small>\r\n<b>Organizator \u2013 Szervez\u0151:<\/b><br \/>\r\n\t\t<span style=\"background-color:#9a2816; color:white\">KKCL \u2013 LKKK :: Knji\u017enica \u2013 Kulturni center Lendava \u2013 NOE UKKKS\/Lendvai K\u00f6nyvt\u00e1r \u00e9s Kultur\u00e1lis K\u00f6zpont \u2013 MKKK\u00c1 BSZE<\/span>\r\n\t\t<br \/>\r\n\t\t\t<b>Lokacija \u2013 Helysz\u00edn:<\/b><br \/>\r\n\t\t\t<i><a href=\"http:\/\/holmi.kl-kl.si\/?location=gledaliska-in-koncertna-dvorana-szinhaz-es-hangversenyterem\">Gledali\u0161ka in koncertna dvorana - Sz\u00ednh\u00e1z- \u00e9s hangversenyterem<\/a> <\/i>\r\n\t\t\t<br \/>\r\n\t\t<b>Kontakt \u2013 El\u00e9rhet\u0151s\u00e9g:<\/b><br \/> \r\n\t\t<i>Gordana \u0160krilec <\/i> | <a href=\\\"mailto:&#71;&#111;&#114;&#100;&#97;&#110;&#97;&#46;&#83;&#107;&#114;&#105;&#108;&#101;&#99;&#64;&#107;&#107;&#108;&#46;&#115;&#105;\\\">&#71;&#111;&#114;&#100;&#97;&#110;&#97;&#46;&#83;&#107;&#114;&#105;&#108;&#101;&#99;&#64;&#107;&#107;&#108;&#46;&#115;&#105;<\/a> | +386 2 577 60 24\t<\/small>\r\n\t<\/td>\r\n<\/tr><\/tbody><\/table><\/p>\n","protected":false},"excerpt":{"rendered":"","protected":false},"author":1,"featured_media":0,"parent":0,"menu_order":1,"comment_status":"open","ping_status":"closed","template":"","meta":[],"_links":{"self":[{"href":"http:\/\/holmi.kl-kl.si\/index.php?rest_route=\/wp\/v2\/pages\/523"}],"collection":[{"href":"http:\/\/holmi.kl-kl.si\/index.php?rest_route=\/wp\/v2\/pages"}],"about":[{"href":"http:\/\/holmi.kl-kl.si\/index.php?rest_route=\/wp\/v2\/types\/page"}],"author":[{"embeddable":true,"href":"http:\/\/holmi.kl-kl.si\/index.php?rest_route=\/wp\/v2\/users\/1"}],"replies":[{"embeddable":true,"href":"http:\/\/holmi.kl-kl.si\/index.php?rest_route=%2Fwp%2Fv2%2Fcomments&post=523"}],"version-history":[{"count":1,"href":"http:\/\/holmi.kl-kl.si\/index.php?rest_route=\/wp\/v2\/pages\/523\/revisions"}],"predecessor-version":[{"id":524,"href":"http:\/\/holmi.kl-kl.si\/index.php?rest_route=\/wp\/v2\/pages\/523\/revisions\/524"}],"wp:attachment":[{"href":"http:\/\/holmi.kl-kl.si\/index.php?rest_route=%2Fwp%2Fv2%2Fmedia&parent=523"}],"curies":[{"name":"wp","href":"https:\/\/api.w.org\/{rel}","templated":true}]}}