{"id":526,"date":"2014-03-31T11:46:28","date_gmt":"2014-03-31T09:46:28","guid":{"rendered":"http:\/\/holmi.kl-kl.si\/?page_id=526"},"modified":"2016-08-01T14:43:18","modified_gmt":"2016-08-01T12:43:18","slug":"kl-kl","status":"publish","type":"page","link":"http:\/\/holmi.kl-kl.si\/?page_id=526","title":{"rendered":"Lendvai K\u00f6nyvt\u00e1r \u00e9s Kultur\u00e1lis K\u00f6zpont"},"content":{"rendered":"Ni dogodkov. \u2013 Nincs esem\u00e9ny.\n","protected":false},"excerpt":{"rendered":"","protected":false},"author":1,"featured_media":0,"parent":523,"menu_order":0,"comment_status":"closed","ping_status":"closed","template":"","meta":[],"_links":{"self":[{"href":"http:\/\/holmi.kl-kl.si\/index.php?rest_route=\/wp\/v2\/pages\/526"}],"collection":[{"href":"http:\/\/holmi.kl-kl.si\/index.php?rest_route=\/wp\/v2\/pages"}],"about":[{"href":"http:\/\/holmi.kl-kl.si\/index.php?rest_route=\/wp\/v2\/types\/page"}],"author":[{"embeddable":true,"href":"http:\/\/holmi.kl-kl.si\/index.php?rest_route=\/wp\/v2\/users\/1"}],"replies":[{"embeddable":true,"href":"http:\/\/holmi.kl-kl.si\/index.php?rest_route=%2Fwp%2Fv2%2Fcomments&post=526"}],"version-history":[{"count":3,"href":"http:\/\/holmi.kl-kl.si\/index.php?rest_route=\/wp\/v2\/pages\/526\/revisions"}],"predecessor-version":[{"id":1534,"href":"http:\/\/holmi.kl-kl.si\/index.php?rest_route=\/wp\/v2\/pages\/526\/revisions\/1534"}],"up":[{"embeddable":true,"href":"http:\/\/holmi.kl-kl.si\/index.php?rest_route=\/wp\/v2\/pages\/523"}],"wp:attachment":[{"href":"http:\/\/holmi.kl-kl.si\/index.php?rest_route=%2Fwp%2Fv2%2Fmedia&parent=526"}],"curies":[{"name":"wp","href":"https:\/\/api.w.org\/{rel}","templated":true}]}}