{"id":530,"date":"2014-03-31T11:47:56","date_gmt":"2014-03-31T09:47:56","guid":{"rendered":"http:\/\/holmi.kl-kl.si\/?page_id=530"},"modified":"2014-04-09T06:40:02","modified_gmt":"2014-04-09T04:40:02","slug":"lkmnok-msnsol","status":"publish","type":"page","link":"http:\/\/holmi.kl-kl.si\/?page_id=530","title":{"rendered":"Lendva K\u00f6zs\u00e9g Magyar Nemzeti \u00d6nkorm\u00e1nyzati K\u00f6z\u00f6ss\u00e9g"},"content":{"rendered":"Ni dogodkov. \u2013 Nincs esem\u00e9ny.\n","protected":false},"excerpt":{"rendered":"","protected":false},"author":1,"featured_media":0,"parent":523,"menu_order":2,"comment_status":"closed","ping_status":"closed","template":"","meta":[],"_links":{"self":[{"href":"http:\/\/holmi.kl-kl.si\/index.php?rest_route=\/wp\/v2\/pages\/530"}],"collection":[{"href":"http:\/\/holmi.kl-kl.si\/index.php?rest_route=\/wp\/v2\/pages"}],"about":[{"href":"http:\/\/holmi.kl-kl.si\/index.php?rest_route=\/wp\/v2\/types\/page"}],"author":[{"embeddable":true,"href":"http:\/\/holmi.kl-kl.si\/index.php?rest_route=\/wp\/v2\/users\/1"}],"replies":[{"embeddable":true,"href":"http:\/\/holmi.kl-kl.si\/index.php?rest_route=%2Fwp%2Fv2%2Fcomments&post=530"}],"version-history":[{"count":2,"href":"http:\/\/holmi.kl-kl.si\/index.php?rest_route=\/wp\/v2\/pages\/530\/revisions"}],"predecessor-version":[{"id":645,"href":"http:\/\/holmi.kl-kl.si\/index.php?rest_route=\/wp\/v2\/pages\/530\/revisions\/645"}],"up":[{"embeddable":true,"href":"http:\/\/holmi.kl-kl.si\/index.php?rest_route=\/wp\/v2\/pages\/523"}],"wp:attachment":[{"href":"http:\/\/holmi.kl-kl.si\/index.php?rest_route=%2Fwp%2Fv2%2Fmedia&parent=530"}],"curies":[{"name":"wp","href":"https:\/\/api.w.org\/{rel}","templated":true}]}}