{"id":638,"date":"2014-04-09T06:36:13","date_gmt":"2014-04-09T04:36:13","guid":{"rendered":"http:\/\/holmi.kl-kl.si\/?page_id=638"},"modified":"2016-08-01T14:48:18","modified_gmt":"2016-08-01T12:48:18","slug":"zavoda-za-kulturo-in-promocijo-lendava","status":"publish","type":"page","link":"http:\/\/holmi.kl-kl.si\/?page_id=638","title":{"rendered":"Knji\u017enica \u2013 Kulturni center Lendava \u2013 NOE UKKKS"},"content":{"rendered":"<table cellpadding=\"0\" cellspacing=\"0\" class=\"events-table\" >\r\n    <thead>\r\n        <tr>\r\n\t\t\t<th class=\"event-time\" width=\"150\">Datum \u2013 D\u00e1tum<br \/>\u010cas \u2013 Id\u0151pont<\/th>\r\n\t\t\t<th class=\"event-description\" width=\"*\">Dogodek \u2013 Esem\u00e9ny<\/th>\r\n\t\t<\/tr>\r\n   \t<\/thead>\r\n    <tbody><tr>\r\n\t<td>  \r\n\t\t24. 04. 2026<br\/>\r\n\t\t<i>19:00 - 20:30<\/i>\r\n\t<\/td>\r\n\t<td style=\"line-height: 1.5\">\r\n\t\t<span style=\"font-size:110%\"><b><a href=\"http:\/\/holmi.kl-kl.si\/?event=medzimurski-folklorni-festival\">Med\u017eimurski folklorni festival<\/a><\/b><br \/><\/span>\r\n<small>\r\n<b>Organizator \u2013 Szervez\u0151:<\/b><br \/>\r\n\t\t<span style=\"background-color:#9a2816; color:white\">KKCL \u2013 LKKK :: Knji\u017enica \u2013 Kulturni center Lendava \u2013 NOE UKKKS\/Lendvai K\u00f6nyvt\u00e1r \u00e9s Kultur\u00e1lis K\u00f6zpont \u2013 MKKK\u00c1 BSZE<\/span>\r\n\t\t<br \/>\r\n\t\t\t<b>Lokacija \u2013 Helysz\u00edn:<\/b><br \/>\r\n\t\t\t<i><a href=\"http:\/\/holmi.kl-kl.si\/?location=gledaliska-in-koncertna-dvorana-szinhaz-es-hangversenyterem\">Gledali\u0161ka in koncertna dvorana - Sz\u00ednh\u00e1z- \u00e9s hangversenyterem<\/a> <\/i>\r\n\t\t\t<br \/>\r\n\t\t<b>Kontakt \u2013 El\u00e9rhet\u0151s\u00e9g:<\/b><br \/> \r\n\t\t<i>Gordana \u0160krilec <\/i> | <a href=\\\"mailto:&#71;&#111;&#114;&#100;&#97;&#110;&#97;&#46;&#83;&#107;&#114;&#105;&#108;&#101;&#99;&#64;&#107;&#107;&#108;&#46;&#115;&#105;\\\">&#71;&#111;&#114;&#100;&#97;&#110;&#97;&#46;&#83;&#107;&#114;&#105;&#108;&#101;&#99;&#64;&#107;&#107;&#108;&#46;&#115;&#105;<\/a> | +386 2 577 60 24\t<\/small>\r\n\t<\/td>\r\n<\/tr><tr>\r\n\t<td>  \r\n\t\t04. 05. 2026 - 07. 05. 2026<br\/>\r\n\t\t<i>14:00 - 20:00<\/i>\r\n\t<\/td>\r\n\t<td style=\"line-height: 1.5\">\r\n\t\t<span style=\"font-size:110%\"><b><a href=\"http:\/\/holmi.kl-kl.si\/?event=trnuljcica-v-izvedbi-baletnega-oddelka-glasbene-sole-lendava\">Trnulj\u010dica v izvedbi baletnega oddelka Glasbene \u0161ole Lendava<\/a><\/b><br \/><\/span>\r\n<small>\r\n<b>Organizator \u2013 Szervez\u0151:<\/b><br \/>\r\n\t\t<span style=\"background-color:#9a2816; color:white\">KKCL \u2013 LKKK :: Knji\u017enica \u2013 Kulturni center Lendava \u2013 NOE UKKKS\/Lendvai K\u00f6nyvt\u00e1r \u00e9s Kultur\u00e1lis K\u00f6zpont \u2013 MKKK\u00c1 BSZE<\/span>\r\n\t\t<br \/>\r\n\t\t\t<b>Lokacija \u2013 Helysz\u00edn:<\/b><br \/>\r\n\t\t\t<i><a href=\"http:\/\/holmi.kl-kl.si\/?location=gledaliska-in-koncertna-dvorana-szinhaz-es-hangversenyterem\">Gledali\u0161ka in koncertna dvorana - Sz\u00ednh\u00e1z- \u00e9s hangversenyterem<\/a> <\/i>\r\n\t\t\t<br \/>\r\n\t\t<b>Kontakt \u2013 El\u00e9rhet\u0151s\u00e9g:<\/b><br \/> \r\n\t\t<i>Gordana \u0160krilec <\/i> | <a href=\\\"mailto:&#71;&#111;&#114;&#100;&#97;&#110;&#97;&#46;&#83;&#107;&#114;&#105;&#108;&#101;&#99;&#64;&#107;&#107;&#108;&#46;&#115;&#105;\\\">&#71;&#111;&#114;&#100;&#97;&#110;&#97;&#46;&#83;&#107;&#114;&#105;&#108;&#101;&#99;&#64;&#107;&#107;&#108;&#46;&#115;&#105;<\/a> | +386 2 577 60 24\t<\/small>\r\n\t<\/td>\r\n<\/tr><tr>\r\n\t<td>  \r\n\t\t19. 05. 2026<br\/>\r\n\t\t<i>19:00 - 21:00<\/i>\r\n\t<\/td>\r\n\t<td style=\"line-height: 1.5\">\r\n\t\t<span style=\"font-size:110%\"><b><a href=\"http:\/\/holmi.kl-kl.si\/?event=sng-nova-gorica-64-urbana-drama-z-elementi-humorja\">SNG Nova Gorica: 64, urbana drama z elementi humorja<\/a><\/b><br \/><\/span>\r\n<small>\r\n<b>Organizator \u2013 Szervez\u0151:<\/b><br \/>\r\n\t\t<span style=\"background-color:#9a2816; color:white\">KKCL \u2013 LKKK :: Knji\u017enica \u2013 Kulturni center Lendava \u2013 NOE UKKKS\/Lendvai K\u00f6nyvt\u00e1r \u00e9s Kultur\u00e1lis K\u00f6zpont \u2013 MKKK\u00c1 BSZE<\/span>\r\n\t\t\t<br \/>\r\n\t\t<b>Kontakt \u2013 El\u00e9rhet\u0151s\u00e9g:<\/b><br \/> \r\n\t\t<i>Gordana \u0160krilec <\/i> | <a href=\\\"mailto:&#71;&#111;&#114;&#100;&#97;&#110;&#97;&#46;&#83;&#107;&#114;&#105;&#108;&#101;&#99;&#64;&#107;&#107;&#108;&#46;&#115;&#105;\\\">&#71;&#111;&#114;&#100;&#97;&#110;&#97;&#46;&#83;&#107;&#114;&#105;&#108;&#101;&#99;&#64;&#107;&#107;&#108;&#46;&#115;&#105;<\/a> | +386 2 577 60 24\t<\/small>\r\n\t<\/td>\r\n<\/tr><\/tbody><\/table>\n","protected":false},"excerpt":{"rendered":"","protected":false},"author":1,"featured_media":0,"parent":39,"menu_order":0,"comment_status":"closed","ping_status":"closed","template":"","meta":[],"_links":{"self":[{"href":"http:\/\/holmi.kl-kl.si\/index.php?rest_route=\/wp\/v2\/pages\/638"}],"collection":[{"href":"http:\/\/holmi.kl-kl.si\/index.php?rest_route=\/wp\/v2\/pages"}],"about":[{"href":"http:\/\/holmi.kl-kl.si\/index.php?rest_route=\/wp\/v2\/types\/page"}],"author":[{"embeddable":true,"href":"http:\/\/holmi.kl-kl.si\/index.php?rest_route=\/wp\/v2\/users\/1"}],"replies":[{"embeddable":true,"href":"http:\/\/holmi.kl-kl.si\/index.php?rest_route=%2Fwp%2Fv2%2Fcomments&post=638"}],"version-history":[{"count":2,"href":"http:\/\/holmi.kl-kl.si\/index.php?rest_route=\/wp\/v2\/pages\/638\/revisions"}],"predecessor-version":[{"id":1537,"href":"http:\/\/holmi.kl-kl.si\/index.php?rest_route=\/wp\/v2\/pages\/638\/revisions\/1537"}],"up":[{"embeddable":true,"href":"http:\/\/holmi.kl-kl.si\/index.php?rest_route=\/wp\/v2\/pages\/39"}],"wp:attachment":[{"href":"http:\/\/holmi.kl-kl.si\/index.php?rest_route=%2Fwp%2Fv2%2Fmedia&parent=638"}],"curies":[{"name":"wp","href":"https:\/\/api.w.org\/{rel}","templated":true}]}}