{"id":812,"date":"2014-06-05T10:47:59","date_gmt":"2014-06-05T08:47:59","guid":{"rendered":"http:\/\/holmi.kl-kl.si\/?page_id=812"},"modified":"2014-06-05T10:47:59","modified_gmt":"2014-06-05T08:47:59","slug":"ifjusagi-es-kulturalis-inkubabor-padlas","status":"publish","type":"page","link":"http:\/\/holmi.kl-kl.si\/?page_id=812","title":{"rendered":"Ifjus\u00e1gi \u00e9s Kultur\u00e1lis Inkub\u00e1bor \u2013 Padl\u00e1s"},"content":{"rendered":"Ni dogodkov. \u2013 Nincs esem\u00e9ny.\n","protected":false},"excerpt":{"rendered":"","protected":false},"author":1,"featured_media":0,"parent":523,"menu_order":0,"comment_status":"closed","ping_status":"open","template":"","meta":[],"_links":{"self":[{"href":"http:\/\/holmi.kl-kl.si\/index.php?rest_route=\/wp\/v2\/pages\/812"}],"collection":[{"href":"http:\/\/holmi.kl-kl.si\/index.php?rest_route=\/wp\/v2\/pages"}],"about":[{"href":"http:\/\/holmi.kl-kl.si\/index.php?rest_route=\/wp\/v2\/types\/page"}],"author":[{"embeddable":true,"href":"http:\/\/holmi.kl-kl.si\/index.php?rest_route=\/wp\/v2\/users\/1"}],"replies":[{"embeddable":true,"href":"http:\/\/holmi.kl-kl.si\/index.php?rest_route=%2Fwp%2Fv2%2Fcomments&post=812"}],"version-history":[{"count":1,"href":"http:\/\/holmi.kl-kl.si\/index.php?rest_route=\/wp\/v2\/pages\/812\/revisions"}],"predecessor-version":[{"id":813,"href":"http:\/\/holmi.kl-kl.si\/index.php?rest_route=\/wp\/v2\/pages\/812\/revisions\/813"}],"up":[{"embeddable":true,"href":"http:\/\/holmi.kl-kl.si\/index.php?rest_route=\/wp\/v2\/pages\/523"}],"wp:attachment":[{"href":"http:\/\/holmi.kl-kl.si\/index.php?rest_route=%2Fwp%2Fv2%2Fmedia&parent=812"}],"curies":[{"name":"wp","href":"https:\/\/api.w.org\/{rel}","templated":true}]}}